{"id":4444,"date":"2021-12-20T09:47:17","date_gmt":"2021-12-20T09:47:17","guid":{"rendered":"https:\/\/the7.io\/elementor-business\/?page_id=4444"},"modified":"2023-03-28T10:51:27","modified_gmt":"2023-03-28T10:51:27","slug":"aviso-legal","status":"publish","type":"page","link":"https:\/\/pre.4addictic.com\/solarneos2023\/aviso-legal\/","title":{"rendered":"Aviso Legal"},"content":{"rendered":"\t\t<div data-elementor-type=\"wp-page\" data-elementor-id=\"4444\" class=\"elementor elementor-4444\">\n\t\t\t\t\t\t\t\t\t<section class=\"elementor-section elementor-top-section elementor-element elementor-element-940bb5f elementor-section-boxed elementor-section-height-default elementor-section-height-default\" data-id=\"940bb5f\" data-element_type=\"section\" data-settings=\"{&quot;mdp_selection_sticky_effect_enable&quot;:false,&quot;mdp_selection_scrolling_effect_enable&quot;:false}\">\n\t\t\t\t\t\t<div class=\"elementor-container elementor-column-gap-default\">\n\t\t\t\t\t<div class=\"elementor-column elementor-col-100 elementor-top-column elementor-element elementor-element-915d386\" data-id=\"915d386\" data-element_type=\"column\" data-settings=\"{&quot;mdp_selection_sticky_column_effect_enable&quot;:false,&quot;mdp_selection_scrolling_effect_enable&quot;:false}\">\n\t\t\t<div class=\"elementor-widget-wrap elementor-element-populated\">\n\t\t\t\t\t\t\t\t<div class=\"elementor-element elementor-element-1d5f852 elementor-widget elementor-widget-text-editor\" data-id=\"1d5f852\" data-element_type=\"widget\" data-settings=\"{&quot;mdp_selection_scrolling_effect_enable&quot;:false}\" data-widget_type=\"text-editor.default\">\n\t\t\t\t<div class=\"elementor-widget-container\">\n\t\t\t\t\t\t\t<div class=\"elementor-element elementor-element-6cd75dc ob-harakiri-inherit ob-has-background-overlay elementor-widget elementor-widget-heading\" data-id=\"6cd75dc\" data-element_type=\"widget\" data-settings=\"{&quot;_ob_use_harakiri&quot;:&quot;yes&quot;,&quot;_ob_harakiri_writing_mode&quot;:&quot;inherit&quot;,&quot;_ob_harakiri_text_clip&quot;:&quot;none&quot;,&quot;_ob_perspektive_use&quot;:&quot;no&quot;,&quot;_ob_poopart_use&quot;:&quot;yes&quot;,&quot;_ob_shadough_use&quot;:&quot;no&quot;,&quot;_ob_allow_hoveranimator&quot;:&quot;no&quot;,&quot;_ob_widget_stalker_use&quot;:&quot;no&quot;}\" data-widget_type=\"heading.default\"><div class=\"elementor-widget-container\"><h2 class=\"elementor-heading-title elementor-size-default\"><strong>Aviso Legal<\/strong><\/h2><p>\u00a0<\/p><\/div><\/div><div class=\"elementor-element elementor-element-5a8e897 ob-harakiri-inherit ob-has-background-overlay elementor-widget elementor-widget-text-editor\" data-id=\"5a8e897\" data-element_type=\"widget\" data-settings=\"{&quot;_ob_use_harakiri&quot;:&quot;yes&quot;,&quot;_ob_harakiri_writing_mode&quot;:&quot;inherit&quot;,&quot;_ob_postman_use&quot;:&quot;no&quot;,&quot;_ob_perspektive_use&quot;:&quot;no&quot;,&quot;_ob_poopart_use&quot;:&quot;yes&quot;,&quot;_ob_shadough_use&quot;:&quot;no&quot;,&quot;_ob_allow_hoveranimator&quot;:&quot;no&quot;,&quot;_ob_widget_stalker_use&quot;:&quot;no&quot;}\" data-widget_type=\"text-editor.default\"><div class=\"elementor-widget-container\"><ol><li><strong>AVISO LEGAL Y T\u00c9RMINOS DE USO<\/strong><\/li><\/ol><p><strong>Se encuentra en un espacio 100 % seguro<\/strong>, por ello, dando cumplimiento con el deber de informaci\u00f3n recogido en art\u00edculo 10 de la Ley 34\/2002, de 11 de julio, de Servicios de la Sociedad de la Informaci\u00f3n y del Comercio Electr\u00f3nico, a continuaci\u00f3n, se hace constar:<br \/><strong>1.1. Datos identificativos del responsable Responsable del tratamiento:\u00a0<\/strong>Solarneos SL NIF B16878308, Cami Ral 528, 1A, 08302, Matar\u00f3. Email: info@solarneos.es<br \/>Tal y como recoge la Ley 34\/2002, de 11 de julio, de servicios de la sociedad de la informaci\u00f3n y de comercio electr\u00f3nico, te informo que: El email de contacto es info@solarneos.es siendo nuestra actividad social la de instalaci\u00f3n de paneles solares tanto para autoconsumo como para instalaciones aisladas.<\/p><p><strong>1.2. Finalidad de la p\u00e1gina web.<\/strong>\u00a0Los servicios prestados por el responsable de la p\u00e1gina web son los siguientes:<\/p><ol><li>Instalaci\u00f3n de Placas Solares<\/li><li>Dar respuesta por email a las dudas planteadas<\/li><\/ol><p><strong class=\"nitro-offscreen\">1.3. Usuarios:<\/strong><br \/>El acceso y\/o uso de este sitio web atribuye la condici\u00f3n de USUARIO, que acepta, desde dicho acceso y\/o uso, los presentes t\u00e9rminos de uso, no obstante, por el mero uso de la p\u00e1gina web no significa el inicio de relaci\u00f3n laboral\/comercial alguna.<\/p><p><strong class=\"nitro-offscreen\">1.4. Uso del sitio web y captura de informaci\u00f3n:<\/strong><br \/><strong class=\"nitro-offscreen\">1.4.1 Uso del sitio web<\/strong>\u00a0La p\u00e1gina web\u00a0https:\/\/solarneos.es\/ en adelante\u00a0<strong class=\"nitro-offscreen\">(LA WEB)<\/strong>\u00a0proporciona el acceso a art\u00edculos, informaciones, servicios y datos (en adelante, \u201clos contenidos\u201d) propiedad de\u00a0<em class=\"nitro-offscreen\">SOLAR NEOS S.L<\/em>., el USUARIO asume la responsabilidad del uso de la web. El USUARIO se compromete a hacer un uso adecuado de los contenidos que ofrece a trav\u00e9s de su web y con car\u00e1cter enunciativo, pero no limitativo, a no emplearlos para: (a) incurrir en actividades il\u00edcitas, ilegales o contrarias a la buena fe y al orden p\u00fablico; (b) difundir contenidos o propaganda de car\u00e1cter racista, xen\u00f3fobo, pornogr\u00e1fico-ilegal, sat\u00e1nico, de apolog\u00eda del terrorismo o atentatorio contra los derechos humanos; (c) provocar da\u00f1os en los sistemas f\u00edsicos y l\u00f3gicos de la web, de sus proveedores o de terceras personas, introducir o difundir en la red virus inform\u00e1ticos o cualesquiera otros sistemas f\u00edsicos o l\u00f3gicos que sean susceptibles de provocar los da\u00f1os anteriormente mencionados; (d) intentar acceder y, en su caso, utilizar las cuentas de correo electr\u00f3nico de otros usuarios y modificar o manipular sus mensajes.\u00a0<em class=\"nitro-offscreen\">SOLAR NEOS S.L.<\/em>\u00a0se reserva el derecho de retirar todos aquellos comentarios y aportaciones que vulneren el respeto a la dignidad de la persona, que sean discriminatorios, xen\u00f3fobos, racistas, pornogr\u00e1ficos, sat\u00e1nicos, que atenten contra la juventud o la infancia, el orden o la seguridad p\u00fablica o que, a su juicio, no resultaran adecuados para su publicaci\u00f3n. En cualquier caso,\u00a0<em class=\"nitro-offscreen\">SOLAR NEOS S.L<\/em><strong class=\"nitro-offscreen\">.<\/strong>\u00a0no ser\u00e1 responsable de las opiniones vertidas por los usuarios a trav\u00e9s del blog u otras herramientas de participaci\u00f3n que puedan crearse, conforme a lo previsto en la normativa de aplicaci\u00f3n. En todo caso<strong class=\"nitro-offscreen\">\u00a0<\/strong><em class=\"nitro-offscreen\">SOLAR NEOS S.L<\/em><strong class=\"nitro-offscreen\">.<\/strong>\u00a0se reserva el derecho de modificar, en cualquier momento y sin necesidad de previo aviso, la presentaci\u00f3n y configuraci\u00f3n de la web\u00a0https:\/\/solarneos.es\/\u00a0como el presente aviso legal.<\/p><ol class=\"nitro-offscreen\" start=\"2\"><li><strong>PROPIEDAD INTELECTUAL E INDUSTRIAL:<\/strong><\/li><\/ol><p><em class=\"nitro-offscreen\">SOLAR NEOS S.L<\/em><strong class=\"nitro-offscreen\">.<\/strong>\u00a0por s\u00ed o como cesionario, es titular de todos los derechos de propiedad intelectual e industrial de su p\u00e1gina web, as\u00ed como de los elementos contenidos en la misma (a t\u00edtulo enunciativo, im\u00e1genes, sonido, audio, v\u00eddeo, software o textos; marcas o logotipos, combinaciones de colores, estructura y dise\u00f1o, selecci\u00f3n de materiales usados, programas de ordenador necesarios para su funcionamiento, acceso y uso, etc.), titularidad de\u00a0<em class=\"nitro-offscreen\">SOLAR NEOS S.L<\/em><strong class=\"nitro-offscreen\">.<\/strong>\u00a0o bien de sus licenciantes. Todos los derechos reservados. Cualquier uso no autorizado previamente por\u00a0<em class=\"nitro-offscreen\">SOLAR NEOS S.L<\/em><strong class=\"nitro-offscreen\">.<\/strong>\u00a0ser\u00e1 considerado un incumplimiento grave de los derechos de propiedad intelectual o industrial del autor. Quedan expresamente prohibidas la reproducci\u00f3n, la distribuci\u00f3n y la comunicaci\u00f3n p\u00fablica, incluida su modalidad de puesta a disposici\u00f3n, de la totalidad o parte de los contenidos de esta p\u00e1gina web, con fines comerciales, en cualquier soporte y por cualquier medio t\u00e9cnico, sin la autorizaci\u00f3n de\u00a0<em class=\"nitro-offscreen\">SOLAR NEOS S.L.<\/em>\u00a0El USUARIO se compromete a respetar los derechos de Propiedad Intelectual e Industrial titularidad de\u00a0<em class=\"nitro-offscreen\">SOLAR NEOS S.L<\/em><strong class=\"nitro-offscreen\">.<\/strong>. Podr\u00e1 visualizar \u00fanicamente los elementos de la web sin posibilidad de imprimirlos, copiarlos o almacenarlos en el disco duro de su ordenador o en cualquier otro soporte f\u00edsico. El USUARIO deber\u00e1 abstenerse de suprimir, alterar, eludir o manipular cualquier dispositivo de protecci\u00f3n o sistema de seguridad que estuviera instalado en las p\u00e1ginas de\u00a0<em class=\"nitro-offscreen\">SOLAR NEOS S.L<\/em>. Queda terminantemente prohibido compartir la licencia para uso con m\u00e1s personas, cada licencia es personal e intransferible reserv\u00e1ndonos cuantas acciones civiles y penales nos asistan en aras de salvaguardar nuestros derechos, todo ello bajo apercibimiento de incurrir en un delito contra la propiedad intelectual del art. 270 y ss del C\u00f3digo Penal con penas de prisi\u00f3n de hasta 4 a\u00f1os.<\/p><ol class=\"nitro-offscreen\" start=\"3\"><li><strong>EXCLUSI\u00d3N DE GARANT\u00cdAS Y RESPONSABILIDAD<\/strong><\/li><\/ol><p><em class=\"nitro-offscreen\">SOLAR NEOS S.L<\/em><strong class=\"nitro-offscreen\">.<\/strong>\u00a0no se hace responsable, en ning\u00fan caso, de los da\u00f1os y perjuicios de cualquier naturaleza que pudieran ocasionar, a t\u00edtulo enunciativo: por errores u omisiones en los contenidos, por falta de disponibilidad del sitio web, \u2013 el cual realizar\u00e1 paradas peri\u00f3dicas por mantenimientos t\u00e9cnicos \u2013 as\u00ed como por la transmisi\u00f3n de virus o programas maliciosos o lesivos en los contenidos, a pesar de haber adoptado todas las medidas tecnol\u00f3gicas necesarias para evitarlo.<\/p><ol class=\"nitro-offscreen\" start=\"4\"><li><strong>MODIFICACIONES<\/strong><\/li><\/ol><p><em class=\"nitro-offscreen\">SOLAR NEOS S.L<\/em><strong class=\"nitro-offscreen\">.<\/strong>\u00a0se reserva el derecho de efectuar sin previo aviso las modificaciones que considere oportunas en su web, pudiendo cambiar, suprimir o a\u00f1adir tanto los contenidos y servicios que se presten a trav\u00e9s de la misma como la forma en la que \u00e9stos aparezcan presentados o localizados en su web.<\/p><ol class=\"nitro-offscreen\" start=\"5\"><li><strong>POL\u00cdTICA DE ENLACES<\/strong><\/li><\/ol><p>Las personas o entidades que pretendan realizar o realicen un hiperenlace desde una p\u00e1gina web de otro portal de Internet a la web de\u00a0<em class=\"nitro-offscreen\">SOLAR NEOS S.L<\/em><strong class=\"nitro-offscreen\">.<\/strong>\u00a0deber\u00e1 someterse las siguientes condiciones:<\/p><ul class=\"nitro-offscreen\"><li>No se permite la reproducci\u00f3n total o parcial de ninguno de los servicios ni contenidos del sitio web sin la previa autorizaci\u00f3n expresa de\u00a0<em>SOLAR NEOS S.L.<\/em><\/li><li>No se establecer\u00e1n deep-links ni enlaces IMG o de imagen, ni frames con la web de\u00a0<em>SOLAR NEOS S.L<\/em><strong>.<\/strong>\u00a0sin su previa autorizaci\u00f3n expresa.<\/li><li>No se establecer\u00e1 ninguna manifestaci\u00f3n falsa, inexacta o incorrecta sobre la web de\u00a0<em>SOLAR NEOS S.L<\/em><strong>.<\/strong>, ni sobre los servicios o contenidos de la misma. Salvo aquellos signos que formen parte del hiperv\u00ednculo, la p\u00e1gina web en la que se establezca no contendr\u00e1 ninguna marca, nombre comercial, r\u00f3tulo de establecimiento, denominaci\u00f3n, logotipo, eslogan u otros signos distintivos pertenecientes a\u00a0<em>SOLAR NEOS S.L<\/em>., salvo autorizaci\u00f3n expresa de \u00e9ste.<\/li><li>El establecimiento del hiperv\u00ednculo no implicar\u00e1 la existencia de relaciones entre\u00a0<em>SOLAR NEOS S.L<\/em><strong>.<\/strong>\u00a0y el titular de la p\u00e1gina web o del portal desde el cual se realice, ni el conocimiento y aceptaci\u00f3n de\u00a0<em>SOLAR NEOS S.L<\/em><strong>.<\/strong>\u00a0de los servicios y contenidos ofrecidos en dicha p\u00e1gina web o portal.<\/li><li><em>SOLAR NEOS S.L<\/em><strong>.<\/strong>\u00a0no ser\u00e1 responsable de los contenidos o servicios puestos a disposici\u00f3n del p\u00fablico en la p\u00e1gina web o portal desde el cual se realice el hiperv\u00ednculo, ni de las informaciones y manifestaciones incluidas en los mismos.<\/li><\/ul><p>El sitio web de\u00a0<em class=\"nitro-offscreen\">SOLAR NEOS S.L<\/em><strong class=\"nitro-offscreen\">.<\/strong>\u00a0puede poner a disposici\u00f3n del usuario conexiones y enlaces a otros sitios web gestionados y controlados por terceros. Dichos enlaces tienen como exclusiva funci\u00f3n, la de facilitar a los usuarios la b\u00fasqueda de informaci\u00f3n, contenidos y servicios en Internet, sin que en ning\u00fan caso pueda considerarse una sugerencia, recomendaci\u00f3n o invitaci\u00f3n para la visita de los mismos.\u00a0<em class=\"nitro-offscreen\">SOLAR NEOS S.L<\/em><strong class=\"nitro-offscreen\">.<\/strong>\u00a0no comercializa, ni dirige, ni controla previamente, ni hace propios los contenidos, servicios, informaciones y manifestaciones disponibles en dichos sitios web.\u00a0<em class=\"nitro-offscreen\">SOLAR NEOS S.L<\/em><strong class=\"nitro-offscreen\">.<\/strong>\u00a0no asume ning\u00fan tipo de responsabilidad, ni siquiera de forma indirecta o subsidiaria, por los da\u00f1os y perjuicios de toda clase que pudieran derivarse del acceso, mantenimiento, uso, calidad, licitud, fiabilidad y utilidad de los contenidos, informaciones, comunicaciones, opiniones, manifestaciones, productos y servicios existentes u ofrecidos en los sitios web no gestionados por\u00a0<em class=\"nitro-offscreen\">SOLAR NEOS S.L<\/em>. y que resulten accesibles a trav\u00e9s de\u00a0<em class=\"nitro-offscreen\">SOLAR NEOS S.L<\/em><strong class=\"nitro-offscreen\">.<\/strong><\/p><ol class=\"nitro-offscreen\" start=\"6\"><li><strong>DERECHO DE EXCLUSI\u00d3N<\/strong><\/li><\/ol><p><em class=\"nitro-offscreen\">SOLAR NEOS S.L<\/em><strong class=\"nitro-offscreen\">.<\/strong>\u00a0se reserva el derecho a denegar o retirar el acceso al portal y\/o los servicios ofrecidos sin necesidad de preaviso, a instancia propia o de un tercero, a aquellos usuarios que incumplan las presentes Condiciones Generales de Uso.<\/p><ol class=\"nitro-offscreen\" start=\"7\"><li><strong>GENERALIDADES<\/strong><\/li><\/ol><p><em class=\"nitro-offscreen\">SOLAR NEOS S.L<\/em><strong class=\"nitro-offscreen\">.<\/strong>\u00a0perseguir\u00e1 el incumplimiento de las presentes condiciones as\u00ed como cualquier utilizaci\u00f3n indebida de su web ejerciendo todas las acciones civiles y penales que le puedan corresponder en derecho.<\/p><ol class=\"nitro-offscreen\" start=\"8\"><li><strong>MODIFICACI\u00d3N DE LAS PRESENTES CONDICIONES Y DURACI\u00d3N<\/strong><\/li><\/ol><p><em class=\"nitro-offscreen\">SOLAR NEOS S.L<\/em><strong class=\"nitro-offscreen\">.<\/strong>\u00a0podr\u00e1 modificar en cualquier momento las condiciones aqu\u00ed determinadas, siendo debidamente publicadas como aqu\u00ed aparecen. La vigencia de las citadas condiciones ir\u00e1 en funci\u00f3n de su exposici\u00f3n y estar\u00e1n vigentes hasta que sean modificadas por otras debidamente publicadas.<\/p><ol class=\"nitro-offscreen\" start=\"9\"><li><strong>RECLAMACIONES Y DUDAS<\/strong><\/li><\/ol><p><em class=\"nitro-offscreen\">SOLAR NEOS S.L<\/em><strong class=\"nitro-offscreen\">.<\/strong>\u00a0informa que existen hojas de reclamaci\u00f3n a disposici\u00f3n de usuarios y clientes pudiendo remitir un correo a info@solarneos.es indicando su nombre y apellidos, el servicio o producto adquirido y exponiendo los motivos de su reclamaci\u00f3n. Tambi\u00e9n puede dirigir su reclamaci\u00f3n por correo postal dirigido a:\u00a0Solarneos SL NIF B16878308 Cami Ral 528, 1A, 08302, Matar\u00f3, Barcelona.<\/p><ol class=\"nitro-offscreen\" start=\"10\"><li><strong>LEGISLACI\u00d3N APLICABLE Y JURISDICCI\u00d3N<\/strong><\/li><\/ol><p>La relaci\u00f3n entre\u00a0<em class=\"nitro-offscreen\">SOLAR NEOS S.L<\/em><strong class=\"nitro-offscreen\">.<\/strong>\u00a0y el USUARIO se regir\u00e1 por la normativa espa\u00f1ola vigente y cualquier controversia se someter\u00e1 a los Juzgados y tribunales de la ciudad de Valencia, salvo que la Ley aplicable disponga otra cosa.<\/p><ul class=\"nitro-offscreen\"><li><a href=\"https:\/\/solarneos.es\/aviso-legal\/\">Aviso Legal<\/a><\/li><\/ul><ul class=\"nitro-offscreen\"><li><a href=\"https:\/\/www.solarneos.es\/politica-privacidad\/\">Pol\u00edtica de privacidad<\/a><\/li><\/ul><ul class=\"nitro-offscreen\"><li><a href=\"https:\/\/www.solarneos.es\/politica-cookies\/\">Pol\u00edtica de cookies<\/a><\/li><\/ul><p><strong class=\"nitro-offscreen\">Resumen de Privacidad<\/strong>\u00a0Usamos cookies propias y de terceros para conseguir una navegaci\u00f3n perfecta, recoger informaci\u00f3n estad\u00edstica e incluir publicidad. Las cookies que se clasifican como Necesarias se almacenan en su navegador, ya que son esenciales para el funcionamiento.<\/p><\/div><\/div>\t\t\t\t\t\t<\/div>\n\t\t\t\t<\/div>\n\t\t\t\t\t<\/div>\n\t\t<\/div>\n\t\t\t\t\t\t\t<\/div>\n\t\t<\/section>\n\t\t\t\t\t\t\t<\/div>\n\t\t","protected":false},"excerpt":{"rendered":"<p>Aviso Legal \u00a0 AVISO LEGAL Y T\u00c9RMINOS DE USO Se encuentra en un espacio 100 % seguro, por ello, dando cumplimiento con el deber de informaci\u00f3n recogido en art\u00edculo 10 de la Ley 34\/2002, de 11 de julio, de Servicios de la Sociedad de la Informaci\u00f3n y del Comercio Electr\u00f3nico, a continuaci\u00f3n, se hace constar:1.1.&hellip;<\/p>\n","protected":false},"author":1,"featured_media":5998,"parent":0,"menu_order":60,"comment_status":"closed","ping_status":"closed","template":"","meta":{"footnotes":""},"class_list":["post-4444","page","type-page","status-publish","has-post-thumbnail","hentry"],"_links":{"self":[{"href":"https:\/\/pre.4addictic.com\/solarneos2023\/wp-json\/wp\/v2\/pages\/4444","targetHints":{"allow":["GET"]}}],"collection":[{"href":"https:\/\/pre.4addictic.com\/solarneos2023\/wp-json\/wp\/v2\/pages"}],"about":[{"href":"https:\/\/pre.4addictic.com\/solarneos2023\/wp-json\/wp\/v2\/types\/page"}],"author":[{"embeddable":true,"href":"https:\/\/pre.4addictic.com\/solarneos2023\/wp-json\/wp\/v2\/users\/1"}],"replies":[{"embeddable":true,"href":"https:\/\/pre.4addictic.com\/solarneos2023\/wp-json\/wp\/v2\/comments?post=4444"}],"version-history":[{"count":8,"href":"https:\/\/pre.4addictic.com\/solarneos2023\/wp-json\/wp\/v2\/pages\/4444\/revisions"}],"predecessor-version":[{"id":6219,"href":"https:\/\/pre.4addictic.com\/solarneos2023\/wp-json\/wp\/v2\/pages\/4444\/revisions\/6219"}],"wp:featuredmedia":[{"embeddable":true,"href":"https:\/\/pre.4addictic.com\/solarneos2023\/wp-json\/wp\/v2\/media\/5998"}],"wp:attachment":[{"href":"https:\/\/pre.4addictic.com\/solarneos2023\/wp-json\/wp\/v2\/media?parent=4444"}],"curies":[{"name":"wp","href":"https:\/\/api.w.org\/{rel}","templated":true}]}}